{"id":224,"date":"2016-09-01T14:52:00","date_gmt":"2016-09-01T13:52:00","guid":{"rendered":"http:\/\/www.cliosimon.com\/?page_id=224"},"modified":"2024-01-18T17:36:18","modified_gmt":"2024-01-18T16:36:18","slug":"textes","status":"publish","type":"page","link":"https:\/\/www.cliosimon.com\/portfolio\/textes\/","title":{"rendered":"Presse"},"content":{"rendered":"\n<p><a rel=\"noreferrer noopener\" href=\"https:\/\/www.cliosimon.com\/portfolio\/wp-content\/uploads\/2021\/11\/Orianne-Hidalgo-Laurier_Revue_documentaires.pdf\" target=\"_blank\"><\/a><br><\/p>\n\n\n<hr \/>\n<p><span style=\"color: #b37717;\"><strong>LA REVUE DOCUMENTAIRES <\/strong><span style=\"color: #000000;\">(2022) n\u00b032<br \/><\/span><\/span><\/p>\n<p><strong><span style=\"color: #333333;\">Des cauchemars qui ne s\u2019\u00e9bruitent pas<\/span>. <\/strong><span style=\"color: #333333;\"><strong>\u00c0 propos de <i>Is it a True Story Telling\u00a0?<\/i> <\/strong><br \/><\/span><span class=\"auteur\" style=\"font-size: revert;\"><a class=\"lien-auteur\" href=\"https:\/\/www.cairn.info\/publications-de-Orianne-Hidalgo-Laurier--706665.htm\">Par Orianne Hidalgo-Laurier<\/a><br \/><\/span><span style=\"color: #b37717;\"><span style=\"color: #0000ff;\"><a style=\"color: #0000ff;\" href=\"https:\/\/www.cairn.info\/revue-documentaires-2022-1-page-93.htm\">Lien <\/a>01<br \/><\/span><\/span><\/p>\n<p><strong>D\u00e9tourner le regard<\/strong> pour mieux tendre l\u2019oreille<br \/><span class=\"auteur\"><a class=\"lien-auteur\" href=\"https:\/\/www.cairn.info\/publications-de-Fanny-Dujardin--741625.htm\">par Fanny Dujardin<\/a><\/span>, <span class=\"auteur\"><a class=\"lien-auteur\" href=\"https:\/\/www.cairn.info\/publications-de-Alix-Tulipe--741627.htm\">Alix Tulipe<\/a><br \/><\/span><span style=\"color: #b37717;\"><span style=\"color: #0000ff;\"><a href=\"https:\/\/www.cairn.info\/revue-documentaires-2022-1-page-9.htm\">Lien 02<\/a><\/span><\/span><\/p>\n<hr \/>\n<p><span style=\"color: #b37717;\"><strong>REVUE Interrogations<\/strong><\/span> par Coline Rousseau<br \/>Janv 2024<br \/><a href=\"http:\/\/www.revue-interrogations.org\/De-la-frontiere-comme-spectacle\">Lien\u00a0<\/a><\/p>\n<hr \/>\n<p><span style=\"color: #a37a18;\"><strong>RADIO FRANCE<\/strong><\/span><br \/><span style=\"color: #0000ff;\"><a style=\"color: #0000ff;\" href=\"https:\/\/www.radiofrance.fr\/francemusique\/podcasts\/journal-de-la-creation\/nos-excuses-pour-la-gene-occasionnee-5820352\">Lien<\/a><\/span><\/p>\n<hr \/>\n<p><strong><span style=\"color: #a37a18;\">BEAUX-ARTS de PARIS<\/span><\/strong><br \/><a href=\"https:\/\/beauxartsparis.fr\/sites\/default\/files\/2023-04\/DP_Monde_nouveaux_WEB.pdf\">Lien<\/a><\/p>\n<hr \/>\n<p><strong><span style=\"color: #b45f06; font-family: trebuchet ms,sans-serif;\">TEXTE CRITIQUE<\/span><\/strong><span style=\"color: #b45f06; font-family: trebuchet ms,sans-serif;\"><span style=\"color: #000000;\"> de <\/span><\/span><strong><span style=\"color: #b45f06; font-family: trebuchet ms,sans-serif;\"><span style=\"color: #000000;\">L\u00e9a BISMUTH<\/span><br \/><\/span><\/strong><span style=\"color: #b45f06; font-family: trebuchet ms,sans-serif;\"><span style=\"color: #000000;\">F\u00e9v. 2021<\/span><\/span><\/p>\n<h6>\u00e0 t\u00e9l\u00e9charger ici : <a href=\"https:\/\/www.cliosimon.com\/portfolio\/wp-content\/uploads\/2021\/04\/Tx-Le\u0301a-Bismuth-Clio-Simon.pdf\">Tx Le\u0301a Bismuth-Clio Simon<\/a><\/h6>\n<hr \/>\n<p><strong><span style=\"color: #b45f06; font-family: trebuchet ms,sans-serif;\">ENTRETIEN <\/span><\/strong><\/p>\n<p>07\/2019<\/p>\n<p>avec <a href=\"http:\/\/www.cjcinema.org\/pages\/fiche_auteur.php?auteur=1185\" target=\"_blank\" rel=\"noopener noreferrer\">Stefano Miraglia<\/a><\/p>\n<p>PDF \u00e0 t\u00e9l\u00e9charger: <strong><a href=\"https:\/\/www.cliosimon.com\/portfolio\/wp-content\/uploads\/2019\/09\/Entretien-avec-Clio-Simon.pdf\">Entretien avec Clio Simon<\/a><\/strong><\/p>\n<hr \/>\n<h3><strong><span style=\"color: #b45f06; font-family: trebuchet ms,sans-serif;\">LE MONDE<\/span><\/strong><\/h3>\n<div>08\/06\/2018<\/div>\n<div>Par Catherine Vincent<\/div>\n<div>\n<p>Article: <a href=\"https:\/\/www.lemonde.fr\/idees\/article\/2018\/06\/08\/les-refugies-au-defi-de-la-preuve_5311752_3232.html\" target=\"_blank\" rel=\"noopener noreferrer\">Les r\u00e9fugi\u00e9s au d\u00e9fi de la preuve<\/a><\/p>\n<p>\u00ab\u00a0(&#8230;) C\u2019est \u00e0 cette question que la r\u00e9alisatrice Clio Simon a r\u00e9pondu dans Is It a True Story Telling ? (2018), un court-m\u00e9trage con\u00e7u dans les coulisses de l\u2019Office fran\u00e7ais de protection des r\u00e9fugi\u00e9s et apatrides (Ofpra) et de la Cour \u00adnationale du droit d\u2019asile (CNDA), diffus\u00e9 fin mai dans le cadre du colloque \u00ab Violence et r\u00e9cit : recueillir, traduire, transcrire, transmettre \u00bb, organis\u00e9 \u00e0 l\u2019universit\u00e9 Paris-Diderot. (&#8230;)\u00a0\u00bb<\/p>\n<\/div>\n<div><hr \/><\/div>\n<h3><strong><span style=\"color: #b45f06; font-family: trebuchet ms,sans-serif;\">MEDIAPART<\/span><\/strong><\/h3>\n<p>09\/02\/2018<\/p>\n<p>Par Sabrina Kassa<br \/>Article : France terre d\u2019asile, \u00abis it true story telling ?\u00bb<\/p>\n<p>Lien:\u00a0https:\/\/blogs.mediapart.fr\/edition\/lhebdo-du-club\/article\/090218\/l-hebdo-du-club-38-france-terre-d-asile-it-true-story-telling<\/p>\n<div><span style=\"font-size: inherit; line-height: 1.8;\">\u00a0\u00bb (&#8230;) Ce docu-fiction, \u00e0 \u00e9couter plus qu\u2019\u00e0 voir, d\u2019une dur\u00e9e de 40 minutes, a une \u00e9criture tr\u00e8s particuli\u00e8re, car la plupart du temps c\u2019est un bandeau noir qui est affich\u00e9 \u00e0 l\u2019\u00e9cran. Il m\u00eale des t\u00e9moignages, sans aucune illustration, de personnes ayant travaill\u00e9, ou travaillant encore, dans les services de l\u2019immigration (Pr\u00e9fectures, OFPRA, CNDA), ainsi que les r\u00e9flexions de l\u2019anthropologue\u00a0<\/span><a class=\"m_3071048158832478151m_6404361605530940774external\" style=\"font-size: inherit; line-height: 1.8;\" href=\"https:\/\/www.ehess.fr\/fr\/personne\/maurice-godelier%20\" target=\"_blank\" rel=\"noopener noreferrer\" data-saferedirecturl=\"https:\/\/www.google.com\/url?hl=fr&amp;q=https:\/\/www.ehess.fr\/fr\/personne\/maurice-godelier%2520&amp;source=gmail&amp;ust=1520777419508000&amp;usg=AFQjCNFk7-gkERFQfCC5UtrDHwJkfO28bQ\">Maurice Godelier<\/a><span style=\"font-size: inherit; line-height: 1.8;\">\u00a0sur la fa\u00e7on dont se construisent nos croyances, nos modes de pens\u00e9es. A de brefs moments des images apparaissent, ce sont celles du Palais des Nations \u00e0 Gen\u00e8ve o\u00f9 a \u00e9t\u00e9 d\u00e9fini ce qu&rsquo;est un r\u00e9fugi\u00e9. (<\/span><i style=\"font-size: inherit; line-height: 1.8;\">&#8230;)<\/i><\/div>\n<div>\u00a0<\/div>\n<div><hr \/><\/div>\n<h3><strong><span style=\"color: #993300;\">L&rsquo;HUMANITE DIMANCHE \u00a0 \u00a0<\/span><\/strong><\/h3>\n<div>01\/03\/2018<\/div>\n<div>Par Latifa Madani<\/div>\n<div>\u00a0<\/div>\n<div>\u00a0<img data-recalc-dims=\"1\" loading=\"lazy\" decoding=\"async\" data-attachment-id=\"375\" data-permalink=\"https:\/\/www.cliosimon.com\/portfolio\/textes\/humanite-dimanche-01032018\/\" data-orig-file=\"https:\/\/i0.wp.com\/www.cliosimon.com\/portfolio\/wp-content\/uploads\/2018\/03\/Humanite-Dimanche-01032018.jpg?fit=3189%2C2082&amp;ssl=1\" data-orig-size=\"3189,2082\" data-comments-opened=\"1\" data-image-meta=\"{&quot;aperture&quot;:&quot;2.4&quot;,&quot;credit&quot;:&quot;&quot;,&quot;camera&quot;:&quot;iPhone 5&quot;,&quot;caption&quot;:&quot;&quot;,&quot;created_timestamp&quot;:&quot;1519904783&quot;,&quot;copyright&quot;:&quot;&quot;,&quot;focal_length&quot;:&quot;4.12&quot;,&quot;iso&quot;:&quot;250&quot;,&quot;shutter_speed&quot;:&quot;0.05&quot;,&quot;title&quot;:&quot;&quot;,&quot;orientation&quot;:&quot;1&quot;}\" data-image-title=\"Humanite Dimanche 01032018\" data-image-description=\"\" data-image-caption=\"\" data-large-file=\"https:\/\/i0.wp.com\/www.cliosimon.com\/portfolio\/wp-content\/uploads\/2018\/03\/Humanite-Dimanche-01032018.jpg?fit=1024%2C669&amp;ssl=1\" class=\"alignnone wp-image-375\" src=\"https:\/\/i0.wp.com\/www.cliosimon.com\/portfolio\/wp-content\/uploads\/2018\/03\/Humanite-Dimanche-01032018.jpg?resize=712%2C465&#038;ssl=1\" alt=\"\" width=\"712\" height=\"465\" srcset=\"https:\/\/i0.wp.com\/www.cliosimon.com\/portfolio\/wp-content\/uploads\/2018\/03\/Humanite-Dimanche-01032018.jpg?resize=300%2C196&amp;ssl=1 300w, https:\/\/i0.wp.com\/www.cliosimon.com\/portfolio\/wp-content\/uploads\/2018\/03\/Humanite-Dimanche-01032018.jpg?resize=768%2C501&amp;ssl=1 768w, https:\/\/i0.wp.com\/www.cliosimon.com\/portfolio\/wp-content\/uploads\/2018\/03\/Humanite-Dimanche-01032018.jpg?resize=1024%2C669&amp;ssl=1 1024w, https:\/\/i0.wp.com\/www.cliosimon.com\/portfolio\/wp-content\/uploads\/2018\/03\/Humanite-Dimanche-01032018.jpg?resize=1920%2C1254&amp;ssl=1 1920w, https:\/\/i0.wp.com\/www.cliosimon.com\/portfolio\/wp-content\/uploads\/2018\/03\/Humanite-Dimanche-01032018.jpg?w=2400&amp;ssl=1 2400w\" sizes=\"auto, (max-width: 712px) 100vw, 712px\" \/><\/div>\n<div>\u00a0<\/div>\n<div><hr \/><\/div>\n<hr \/><hr \/><hr \/>\n\n\n<p><strong>Entretien audio<\/strong> autour de l&rsquo;exposition au CRP\/ <br><em><strong>O\u00efkos<\/strong><\/em><br><a rel=\"noreferrer noopener\" href=\"http:\/\/radioclub.fr\/exposition-oikos-de-clio-simon-au-centre-regional-de-la-photographie\/\" target=\"_blank\">http:\/\/radioclub.fr\/exposition-oikos-de-clio-simon-au-centre-regional-de-la-photographie\/<\/a><\/p>\n\n\n\n<p><\/p>\n","protected":false},"excerpt":{"rendered":"<p>LA REVUE DOCUMENTAIRES (2022) n\u00b032 Des cauchemars qui ne s\u2019\u00e9bruitent pas. \u00c0 propos de Is it a True Story Telling\u00a0? Par Orianne Hidalgo-LaurierLien 01 D\u00e9tourner le regard pour mieux tendre l\u2019oreillepar Fanny Dujardin, Alix TulipeLien 02 REVUE Interrogations par Coline RousseauJanv 2024Lien\u00a0 RADIO FRANCELien BEAUX-ARTS de PARISLien TEXTE CRITIQUE de L\u00e9a BISMUTHF\u00e9v. 2021 \u00e0 t\u00e9l\u00e9charger [&hellip;]<\/p>\n","protected":false},"author":1,"featured_media":0,"parent":0,"menu_order":0,"comment_status":"closed","ping_status":"closed","template":"","meta":{"jetpack_post_was_ever_published":false,"footnotes":""},"class_list":["post-224","page","type-page","status-publish","hentry"],"jetpack_shortlink":"https:\/\/wp.me\/P7QcWA-3C","jetpack_sharing_enabled":true,"_links":{"self":[{"href":"https:\/\/www.cliosimon.com\/portfolio\/wp-json\/wp\/v2\/pages\/224","targetHints":{"allow":["GET"]}}],"collection":[{"href":"https:\/\/www.cliosimon.com\/portfolio\/wp-json\/wp\/v2\/pages"}],"about":[{"href":"https:\/\/www.cliosimon.com\/portfolio\/wp-json\/wp\/v2\/types\/page"}],"author":[{"embeddable":true,"href":"https:\/\/www.cliosimon.com\/portfolio\/wp-json\/wp\/v2\/users\/1"}],"replies":[{"embeddable":true,"href":"https:\/\/www.cliosimon.com\/portfolio\/wp-json\/wp\/v2\/comments?post=224"}],"version-history":[{"count":22,"href":"https:\/\/www.cliosimon.com\/portfolio\/wp-json\/wp\/v2\/pages\/224\/revisions"}],"predecessor-version":[{"id":1065,"href":"https:\/\/www.cliosimon.com\/portfolio\/wp-json\/wp\/v2\/pages\/224\/revisions\/1065"}],"wp:attachment":[{"href":"https:\/\/www.cliosimon.com\/portfolio\/wp-json\/wp\/v2\/media?parent=224"}],"curies":[{"name":"wp","href":"https:\/\/api.w.org\/{rel}","templated":true}]}}